{"id":6158,"date":"2023-09-06T11:00:26","date_gmt":"2023-09-06T11:00:26","guid":{"rendered":"https:\/\/alpencupmx.eu\/?page_id=6158"},"modified":"2025-03-24T08:02:43","modified_gmt":"2025-03-24T08:02:43","slug":"impressum","status":"publish","type":"page","link":"https:\/\/alpencupmx.eu\/it_it\/impressum\/","title":{"rendered":"Impronta"},"content":{"rendered":"\n\t\t<div id=\"fws_69d67dc7e835d\"  data-column-margin=\"default\" data-midnight=\"dark\" data-top-percent=\"3%\" data-bottom-percent=\"3%\"  class=\"wpb_row vc_row-fluid vc_row\"  style=\"padding-top: calc(100vw * 0.03); padding-bottom: calc(100vw * 0.03); \"><div class=\"row-bg-wrap\" data-bg-animation=\"none\" data-bg-animation-delay=\"\" data-bg-overlay=\"false\"><div class=\"inner-wrap row-bg-layer\" ><div class=\"row-bg viewport-desktop\"  style=\"\"><\/div><\/div><\/div><div class=\"row_col_wrap_12 col span_12 dark left\">\n\t<div  class=\"vc_col-sm-12 wpb_column column_container vc_column_container col no-extra-padding inherit_tablet inherit_phone \"  data-padding-pos=\"all\" data-has-bg-color=\"false\" data-bg-color=\"\" data-bg-opacity=\"1\" data-animation=\"\" data-delay=\"0\" >\n\t\t<div class=\"vc_column-inner\" >\n\t\t\t<div class=\"wpb_wrapper\">\n\t\t\t\t\n<div class=\"wpb_text_column wpb_content_element \" >\n\t<p><strong>VERANTWORTLICH IM SINNE \u00a7 6 TDG<\/strong><\/p>\n<div><b>AMC Penzberg e.V.<br \/>\n<\/b><em>Abteilung Alpencup &#8211; Stefan Dirnhofer<br \/>\n<\/em>Auf der Etz 6<br \/>\n82377 Penzberg<br \/>\nDeutschland<br \/>\ninfo@alpencupmx.eu<\/div>\n<p><strong>Datenschutzbeauftragter<\/strong><br \/>\nOliver Schran<br \/>\noli@alpencupmx.eu<br \/>\n<span style=\"font-size: 10pt;\"><em>(Lasst es bitte die Handynummer von Oli zu googlen und schreibt eine email. Warum? Fragt euch selber mal, ob Ihr sowas auf dem Handy braucht&#8230;)<\/em><\/span><\/p>\n<div class=\"container\">\n<div class=\"content-wrapper \">\n<div class=\"page-wrapper\">\n<div class=\"gdl-page-float-left\">\n<div class=\"gdl-page-item\">\n<div class=\"sixteen columns mt0\">\n<div class=\"gdl-page-content\">\n<p><strong>Allgemeine Informationen<\/strong><br \/>\nBitte senden Sie Ihre Fragen an: info@alpencupmx.eu<\/p>\n<p><strong>Verantwortung f\u00fcr den Inhalt<\/strong><br \/>\nAlle Informationen auf dieser Website stellen keine garantierten Daten dar. Es wird so verst\u00e4ndlich wie m\u00f6glich gehalten. alpencupmx.eu beh\u00e4lt sich das Recht vor, jederzeit und ohne vorherige Ank\u00fcndigung \u00c4nderungen vorzunehmen. alpencupmx.eu beh\u00e4lt sich das Recht vor, nicht f\u00fcr die Aktualit\u00e4t, Korrektheit, Vollst\u00e4ndigkeit oder Qualit\u00e4t der bereitgestellten Informationen verantwortlich zu sein. Haftungsanspr\u00fcche wegen Sch\u00e4den, die durch die Nutzung der bereitgestellten Informationen, einschlie\u00dflich unvollst\u00e4ndiger oder fehlerhafter Informationen, verursacht wurden, werden daher zur\u00fcckgewiesen.<\/p>\n<p><strong>EU-Streitschlichtung<\/strong><br \/>\nGem\u00e4\u00df Verordnung \u00fcber Online-Streitbeilegung in Verbraucherangelegenheiten (ODR-Verordnung) m\u00f6chten wir Sie \u00fcber die Online-Streitbeilegungsplattform (OS-Plattform) informieren.<br \/>\nVerbraucher haben die M\u00f6glichkeit, Beschwerden an die Online Streitbeilegungsplattform der Europ\u00e4ischen Kommission unter http:\/\/ec.europa.eu\/odr?tid=321147621 zu richten. Die daf\u00fcr notwendigen Kontaktdaten finden Sie oberhalb in unserem Impressum.<\/p>\n<p>Wir m\u00f6chten Sie jedoch darauf hinweisen, dass wir nicht bereit oder verpflichtet sind, an Streitbeilegungsverfahren vor einer Verbraucherschlichtungsstelle teilzunehmen.<\/p>\n<p><strong>Urheberrecht<\/strong><br \/>\nAlle Inhalte dieser Webseite (Bilder, Fotos, Texte, Videos, Illustrationen, Layout, Programmierung, etc.) unterliegen dem Urheberrecht der Bundesrepublik Deutschland. Bitte fragen Sie uns bevor Sie die Inhalte dieser Website verbreiten, vervielf\u00e4ltigen oder verwerten wie zum Beispiel auf anderen Websites erneut ver\u00f6ffentlichen. Falls notwendig, werden wir die unerlaubte Nutzung von Teilen der Inhalte unserer Seite rechtlich verfolgen.<\/p>\n<p>Sollten Sie auf dieser Webseite Inhalte finden, die das Urheberrecht verletzen, bitten wir Sie uns zu kontaktieren.<\/p>\n<p><strong>Bildernachweis<\/strong><br \/>\nDie Bilder, Fotos und Grafiken auf dieser Webseite sind urheberrechtlich gesch\u00fctzt. Die Bilder wurden von den jeweiligen Rechteinhabern zur Verf\u00fcgung gestellt.<\/p>\n<p><strong>Haftungsbeschr\u00e4nkung<\/strong><br \/>\nWir entwickeln die Inhalte dieser Webseite st\u00e4ndig weiter und bem\u00fchen uns korrekte und aktuelle Informationen bereitzustellen. Laut Telemediengesetz (TMG) \u00a77 (1) sind wir als Diensteanbieter f\u00fcr eigene Informationen, die wir zur Nutzung bereitstellen, nach den allgemeinen Gesetzen verantwortlich. Leider k\u00f6nnen wir keine Haftung f\u00fcr die Korrektheit aller Inhalte auf dieser Webseite \u00fcbernehmen, speziell f\u00fcr jene die seitens Dritter bereitgestellt wurden. Als Diensteanbieter im Sinne der \u00a78 bis \u00a710 sind wir nicht verpflichtet, die von ihnen \u00fcbermittelten oder gespeicherten Informationen zu \u00fcberwachen oder nach Umst\u00e4nden zu forschen, die auf eine rechtswidrige T\u00e4tigkeit hinweisen. F\u00fcr Sch\u00e4den, die durch die in der alpencupmx.eu ver\u00f6ffentlichten Inhalte oder Dienstleistungen verursacht werden, besteht keine Haftung. Es wird auch keine Haftung f\u00fcr direkte, indirekte, zuf\u00e4llige oder nachfolgende Sch\u00e4den \u00fcbernommen, die sich aus Ihrem Zugriff auf die alpencupmx.eu oder deren Nutzung oder in irgendeiner damit verbundenen Weise ergeben, einschlie\u00dflich, aber nicht beschr\u00e4nkt auf Verluste oder Sch\u00e4den aufgrund von Viren, die Ihre Computerausr\u00fcstung oder Ihre angenommene Zuverl\u00e4ssigkeit der Informationen, die sie vom alpencupmx.eu erhalten haben.<\/p>\n<p>Unsere Verpflichtungen zur Entfernung von Informationen oder zur Sperrung der Nutzung von Informationen nach den allgemeinen Gesetzen aufgrund von gerichtlichen oder beh\u00f6rdlichen Anordnungen bleiben auch im Falle unserer Nichtverantwortlichkeit nach den \u00a78 bis \u00a710 unber\u00fchrt.<\/p>\n<p>Sollten Ihnen problematische oder rechtswidrige Inhalte auffallen, bitte wir Sie uns umgehend zu kontaktieren, damit wir die rechtswidrigen Inhalte entfernen k\u00f6nnen. Sie finden die Kontaktdaten im Impressum.<\/p>\n<p><strong>Referenzen und Links<\/strong><br \/>\nalpencupmx.eu Seite enth\u00e4lt Hypertext-Links zu anderen Internetseiten v\u00f6llig unabh\u00e4ngig von dieser Website. alpencupmx.eu \u00fcbernimmt keine Haftung f\u00fcr sie, insbesondere nicht f\u00fcr deren Inhalt oder die Richtigkeit, Vollst\u00e4ndigkeit und Authentizit\u00e4t der in einem dieser Hypertext-Links oder einer anderen Internetseite enthaltenen Informationen. Der Zugriff auf alle anderen Internetseiten, die mit der alpencupmx.eu Website verbunden sind, erfolgt auf eigene Gefahr. Jegliche Haftung f\u00fcr verlinkte Websites besteht f\u00fcr uns nicht, da wir keine Kenntnis rechtswidriger T\u00e4tigkeiten hatten und haben, uns solche Rechtswidrigkeiten auch bisher nicht aufgefallen sind und wir Links sofort entfernen w\u00fcrden, wenn uns Rechtswidrigkeiten bekannt werden.<\/p>\n<p>Wenn Ihnen rechtswidrige Links auf\u00a0 verlinkten Websites auffallen, bitten wir Sie uns zu kontaktieren, um die Verlinkung zu \u00fcberpr\u00fcfen. Sie finden die Kontaktdaten oben im Impressum.<\/p>\n<p><strong>Beitr\u00e4ge zur alpencupmx.eu<\/strong><br \/>\nDurch die freiwillige nicht bestellte Weitergabe eines Beitrags (einschlie\u00dflich Text, Fotos, Grafiken, Videos oder Audio) an alpencupmx.eu erkl\u00e4ren Sie sich damit einverstanden, das alpencupmx.eu die kostenlose Erlaubnis zur Nutzung des Materials in beliebiger Weise zu erteilen (einschlie\u00dflich der \u00c4nderung und Anpassung aus betrieblichen und redaktionellen Gr\u00fcnden) f\u00fcr alpencupmx.eu Dienste in allen Medien weltweit unter bestimmten Umst\u00e4nden kann alpencupmx.eu Ihren Beitrag auch an vertrauensw\u00fcrdige Dritte weitergeben. Das Urheberrecht an Ihrem Beitrag verbleibt bei Ihnen und diese Erlaubnis ist nicht exklusiv, so dass Sie das Material weiterhin in irgendeiner Weise verwenden k\u00f6nnen, einschlie\u00dflich der Erlaubnis f\u00fcr andere, es zu verwenden.<\/p>\n<p><strong>Datenschutz<\/strong><br \/>\nSofern die M\u00f6glichkeit zur Eingabe pers\u00f6nlicher oder gesch\u00e4ftlicher Daten (Emailadressen, Namen, Anschriften) besteht, so erfolgt die Preisgabe dieser Daten auf freiwilliger Basis. Die Nutzung und Bezahlung aller angebotenen Dienste ist \u2013 soweit technisch m\u00f6glich und zumutbar \u2013 ohne Angabe personenbezogener Daten oder unter Angabe anonymisierter Daten oder eines Pseudonyms gestattet. Die Verwendung von ver\u00f6ffentlichten Postanschriften, Telefon- oder Faxnummern und E-Mail-Adressen zu Marketingzwecken ist verboten, Straft\u00e4ter, die unerw\u00fcnschte Spam-Nachrichten versenden, werden verfolgt.<\/p>\n<p>Alles weitere zum Thema finden sie auf einer Seite <strong><a href=\"https:\/\/alpencupmx.eu\/datenschutz\/\">DATENSCHUTZ<\/a><\/strong><\/p>\n<p><strong>Rechtswirksamkeit dieses Haftungsausschlusses<\/strong><br \/>\nDieser Haftungsausschluss ist als Teil der Internet-Ver\u00f6ffentlichung zu betrachten, von der aus auf Sie verwiesen wurde. Sofern Teile oder einzelne Bestimmungen dieser Erkl\u00e4rung nicht rechtskr\u00e4ftig oder richtig sind, bleiben der Inhalt oder die G\u00fcltigkeit der \u00fcbrigen Teile davon unber\u00fchrt. Diese Website wurde in Deutschland nach deutschem Recht eingerichtet und unterliegt den Gesetzen dieses Landes. Wenn Sie die Website nutzen, erkl\u00e4ren Sie sich damit einverstanden, dass Ihre Nutzung der Website und der Informationen auf der Website den Gesetzen Deutschlands unterliegt. Sollten sich Streitigkeiten aus Ihrer Nutzung der Website oder Informationen dar\u00fcber ergeben, erkl\u00e4ren Sie sich damit einverstanden, dass diese Streitigkeiten vor deutschen Gerichten (Amtsgericht Amtsgericht Leutkirch im Allg\u00e4u) verhandelt werden.<\/p>\n<\/div>\n<\/div>\n<\/div>\n<\/div>\n<\/div>\n<\/div>\n<\/div>\n<\/div>\n\n\n\n\n\t\t\t<\/div> \n\t\t<\/div>\n\t<\/div> \n<\/div><\/div>\n\t\t<div id=\"fws_69d67dc7ea54e\"  data-column-margin=\"default\" data-midnight=\"dark\"  class=\"wpb_row vc_row-fluid vc_row\"  style=\"padding-top: 0px; padding-bottom: 0px; \"><div class=\"row-bg-wrap\" data-bg-animation=\"none\" data-bg-animation-delay=\"\" data-bg-overlay=\"false\"><div class=\"inner-wrap row-bg-layer\" ><div class=\"row-bg viewport-desktop\"  style=\"\"><\/div><\/div><\/div><div class=\"row_col_wrap_12 col span_12 dark left\">\n\t<div  class=\"vc_col-sm-12 wpb_column column_container vc_column_container col no-extra-padding inherit_tablet inherit_phone \"  data-padding-pos=\"all\" data-has-bg-color=\"false\" data-bg-color=\"\" data-bg-opacity=\"1\" data-animation=\"\" data-delay=\"0\" >\n\t\t<div class=\"vc_column-inner\" >\n\t\t\t<div class=\"wpb_wrapper\">\n\t\t\t\t\n<div class=\"wpb_text_column wpb_content_element \" >\n\t<p>[gzd_complaints]<\/p>\n<\/div>\n\n\n\n\n\t\t\t<\/div> \n\t\t<\/div>\n\t<\/div> \n<\/div><\/div>\n\t\t<div id=\"fws_69d67dc7eb4b7\"  data-column-margin=\"default\" data-midnight=\"dark\" data-top-percent=\"3%\" data-bottom-percent=\"3%\"  class=\"wpb_row vc_row-fluid vc_row full-width-section has-row-bg-color\"  style=\"padding-top: calc(100vw * 0.03); padding-bottom: calc(100vw * 0.03); --row-bg-color: #ffffff;\"><div class=\"row-bg-wrap\" data-bg-animation=\"none\" data-bg-animation-delay=\"\" data-bg-overlay=\"false\"><div class=\"inner-wrap row-bg-layer\" ><div class=\"row-bg viewport-desktop using-bg-color\"  style=\"background-color: #ffffff; \"><\/div><\/div><\/div><div class=\"row_col_wrap_12 col span_12 dark left\">\n\t<div  class=\"vc_col-sm-1 wpb_column column_container vc_column_container col no-extra-padding inherit_tablet inherit_phone \"  data-padding-pos=\"all\" data-has-bg-color=\"false\" data-bg-color=\"\" data-bg-opacity=\"1\" data-animation=\"\" data-delay=\"0\" >\n\t\t<div class=\"vc_column-inner\" >\n\t\t\t<div class=\"wpb_wrapper\">\n\t\t\t\t\n\t\t\t<\/div> \n\t\t<\/div>\n\t<\/div> \n\n\t<div  class=\"vc_col-sm-10 wpb_column column_container vc_column_container col no-extra-padding inherit_tablet inherit_phone \"  data-padding-pos=\"all\" data-has-bg-color=\"false\" data-bg-color=\"\" data-bg-opacity=\"1\" data-animation=\"\" data-delay=\"0\" >\n\t\t<div class=\"vc_column-inner\" >\n\t\t\t<div class=\"wpb_wrapper\">\n\t\t\t\t\t\n\t\t\n\t<div class=\"clients no-carousel three-cols fade-in-animation\" data-he=\"greyscale_to_color\" data-additional_padding=\"none\">\n\t\t\t<div><a href=\"http:\/\/shop-waldmann.de\" target=\"_blank\">\n\t\t<img loading=\"lazy\" decoding=\"async\" src=\"https:\/\/alpencupmx.eu\/wp-content\/uploads\/2023\/09\/waldmann-web-logo.png\" alt=\"Sponsor Logo - Motorrad Waldmann\" width=\"2000\" height=\"442\" \/>\t<\/a><\/div>\n\t<div><a href=\"https:\/\/foxhead.com\" target=\"_blank\">\n\t\t<img loading=\"lazy\" decoding=\"async\" src=\"https:\/\/alpencupmx.eu\/wp-content\/uploads\/2023\/09\/fox-racing-logo-web-2023.png\" alt=\"Sponsor Logo - Fox Moto\" width=\"2000\" height=\"442\" \/>\t<\/a><\/div>\n\t<\/div>\n\t\n\t\n\t\t\n\t<div class=\"clients no-carousel five-cols fade-in-animation\" data-he=\"greyscale_to_color\" data-additional_padding=\"3\">\n\t\t\t<div><a href=\"https:\/\/www.champion-oel.de\/\" target=\"_blank\">\n\t\t<img loading=\"lazy\" decoding=\"async\" src=\"https:\/\/alpencupmx.eu\/wp-content\/uploads\/2024\/05\/Champion_logo-lubricants-2019.png\" alt=\"Sponsor Logo - Champion Lubricants\" width=\"1212\" height=\"318\" \/>\t<\/a><\/div>\n\t<div><a href=\"https:\/\/www.x-grip.at\/\" target=\"_blank\">\n\t\t<img loading=\"lazy\" decoding=\"async\" src=\"https:\/\/alpencupmx.eu\/wp-content\/uploads\/2024\/05\/X-GRIP-Logo-1-black.png\" alt=\"client\" width=\"296\" height=\"59\" \/>\t<\/a><\/div>\n\t<div><a href=\"https:\/\/weber-werke.de\/Motocross-MTB-Bekleidung\" target=\"_blank\">\n\t\t<img loading=\"lazy\" decoding=\"async\" src=\"https:\/\/alpencupmx.eu\/wp-content\/uploads\/2024\/06\/weber-werke-logo.png\" alt=\"Weber Werke Sponsor Logo\" width=\"343\" height=\"67\" \/>\t<\/a><\/div>\n\t<\/div>\n\t\n\n\t\t\t<\/div> \n\t\t<\/div>\n\t<\/div> \n\n\t<div  class=\"vc_col-sm-1 wpb_column column_container vc_column_container col no-extra-padding inherit_tablet inherit_phone \"  data-padding-pos=\"all\" data-has-bg-color=\"false\" data-bg-color=\"\" data-bg-opacity=\"1\" data-animation=\"\" data-delay=\"0\" >\n\t\t<div class=\"vc_column-inner\" >\n\t\t\t<div class=\"wpb_wrapper\">\n\t\t\t\t\n\t\t\t<\/div> \n\t\t<\/div>\n\t<\/div> \n<\/div><\/div>\n","protected":false},"excerpt":{"rendered":"VERANTWORTLICH IM SINNE \u00a7 6 TDG AMC Penzberg e.V. Abteilung Alpencup - Stefan Dirnhofer Auf der Etz 6 82377 Penzberg Deutschland info@alpencupmx.eu Datenschutzbeauftragter Oliver Schran oli@alpencupmx.eu (Lasst es bitte die...","protected":false},"author":1,"featured_media":0,"parent":0,"menu_order":9,"comment_status":"closed","ping_status":"closed","template":"","meta":{"footnotes":""},"class_list":["post-6158","page","type-page","status-publish"],"yoast_head":"<!-- This site is optimized with the Yoast SEO plugin v27.3 - https:\/\/yoast.com\/product\/yoast-seo-wordpress\/ -->\n<title>Impressum - Alpencup Motocross<\/title>\n<meta name=\"description\" content=\"Alle Informationen auf dieser Website stellen keine garantierten Daten dar. Es wird so verst\u00e4ndlich wie m\u00f6glich gehalten. alpencupmx.eu beh\u00e4lt sich das Recht vor, jederzeit und ohne vorherige Ank\u00fcndigung \u00c4nderungen vorzunehmen...\" \/>\n<meta name=\"robots\" content=\"index, follow, max-snippet:-1, max-image-preview:large, max-video-preview:-1\" \/>\n<link rel=\"canonical\" href=\"https:\/\/alpencupmx.eu\/it_it\/impressum\/\" \/>\n<meta property=\"og:locale\" content=\"it_IT\" \/>\n<meta property=\"og:type\" content=\"article\" \/>\n<meta property=\"og:title\" content=\"Impressum - Alpencup Motocross\" \/>\n<meta property=\"og:description\" content=\"Alle Informationen auf dieser Website stellen keine garantierten Daten dar. Es wird so verst\u00e4ndlich wie m\u00f6glich gehalten. alpencupmx.eu beh\u00e4lt sich das Recht vor, jederzeit und ohne vorherige Ank\u00fcndigung \u00c4nderungen vorzunehmen...\" \/>\n<meta property=\"og:url\" content=\"https:\/\/alpencupmx.eu\/it_it\/impressum\/\" \/>\n<meta property=\"og:site_name\" content=\"Alpencup Motocross\" \/>\n<meta property=\"article:modified_time\" content=\"2025-03-24T08:02:43+00:00\" \/>\n<meta name=\"twitter:card\" content=\"summary_large_image\" \/>\n<meta name=\"twitter:label1\" content=\"Tempo di lettura stimato\" \/>\n\t<meta name=\"twitter:data1\" content=\"7 minuti\" \/>\n<script type=\"application\/ld+json\" class=\"yoast-schema-graph\">{\"@context\":\"https:\\\/\\\/schema.org\",\"@graph\":[{\"@type\":\"WebPage\",\"@id\":\"https:\\\/\\\/alpencupmx.eu\\\/impressum\\\/\",\"url\":\"https:\\\/\\\/alpencupmx.eu\\\/impressum\\\/\",\"name\":\"Impressum - Alpencup Motocross\",\"isPartOf\":{\"@id\":\"https:\\\/\\\/alpencupmx.eu\\\/#website\"},\"datePublished\":\"2023-09-06T11:00:26+00:00\",\"dateModified\":\"2025-03-24T08:02:43+00:00\",\"description\":\"Alle Informationen auf dieser Website stellen keine garantierten Daten dar. Es wird so verst\u00e4ndlich wie m\u00f6glich gehalten. alpencupmx.eu beh\u00e4lt sich das Recht vor, jederzeit und ohne vorherige Ank\u00fcndigung \u00c4nderungen vorzunehmen...\",\"breadcrumb\":{\"@id\":\"https:\\\/\\\/alpencupmx.eu\\\/impressum\\\/#breadcrumb\"},\"inLanguage\":\"it-IT\",\"potentialAction\":[{\"@type\":\"ReadAction\",\"target\":[\"https:\\\/\\\/alpencupmx.eu\\\/impressum\\\/\"]}]},{\"@type\":\"BreadcrumbList\",\"@id\":\"https:\\\/\\\/alpencupmx.eu\\\/impressum\\\/#breadcrumb\",\"itemListElement\":[{\"@type\":\"ListItem\",\"position\":1,\"name\":\"Startseite\",\"item\":\"https:\\\/\\\/alpencupmx.eu\\\/\"},{\"@type\":\"ListItem\",\"position\":2,\"name\":\"Impressum\"}]},{\"@type\":\"WebSite\",\"@id\":\"https:\\\/\\\/alpencupmx.eu\\\/#website\",\"url\":\"https:\\\/\\\/alpencupmx.eu\\\/\",\"name\":\"Alpencup Motocross\",\"description\":\"Event Serie\",\"potentialAction\":[{\"@type\":\"SearchAction\",\"target\":{\"@type\":\"EntryPoint\",\"urlTemplate\":\"https:\\\/\\\/alpencupmx.eu\\\/?s={search_term_string}\"},\"query-input\":{\"@type\":\"PropertyValueSpecification\",\"valueRequired\":true,\"valueName\":\"search_term_string\"}}],\"inLanguage\":\"it-IT\"}]}<\/script>\n<!-- \/ Yoast SEO plugin. -->","yoast_head_json":{"title":"Impressum - Alpencup Motocross","description":"Alle Informationen auf dieser Website stellen keine garantierten Daten dar. Es wird so verst\u00e4ndlich wie m\u00f6glich gehalten. alpencupmx.eu beh\u00e4lt sich das Recht vor, jederzeit und ohne vorherige Ank\u00fcndigung \u00c4nderungen vorzunehmen...","robots":{"index":"index","follow":"follow","max-snippet":"max-snippet:-1","max-image-preview":"max-image-preview:large","max-video-preview":"max-video-preview:-1"},"canonical":"https:\/\/alpencupmx.eu\/it_it\/impressum\/","og_locale":"it_IT","og_type":"article","og_title":"Impressum - Alpencup Motocross","og_description":"Alle Informationen auf dieser Website stellen keine garantierten Daten dar. Es wird so verst\u00e4ndlich wie m\u00f6glich gehalten. alpencupmx.eu beh\u00e4lt sich das Recht vor, jederzeit und ohne vorherige Ank\u00fcndigung \u00c4nderungen vorzunehmen...","og_url":"https:\/\/alpencupmx.eu\/it_it\/impressum\/","og_site_name":"Alpencup Motocross","article_modified_time":"2025-03-24T08:02:43+00:00","twitter_card":"summary_large_image","twitter_misc":{"Tempo di lettura stimato":"7 minuti"},"schema":{"@context":"https:\/\/schema.org","@graph":[{"@type":"WebPage","@id":"https:\/\/alpencupmx.eu\/impressum\/","url":"https:\/\/alpencupmx.eu\/impressum\/","name":"Impressum - Alpencup Motocross","isPartOf":{"@id":"https:\/\/alpencupmx.eu\/#website"},"datePublished":"2023-09-06T11:00:26+00:00","dateModified":"2025-03-24T08:02:43+00:00","description":"Alle Informationen auf dieser Website stellen keine garantierten Daten dar. Es wird so verst\u00e4ndlich wie m\u00f6glich gehalten. alpencupmx.eu beh\u00e4lt sich das Recht vor, jederzeit und ohne vorherige Ank\u00fcndigung \u00c4nderungen vorzunehmen...","breadcrumb":{"@id":"https:\/\/alpencupmx.eu\/impressum\/#breadcrumb"},"inLanguage":"it-IT","potentialAction":[{"@type":"ReadAction","target":["https:\/\/alpencupmx.eu\/impressum\/"]}]},{"@type":"BreadcrumbList","@id":"https:\/\/alpencupmx.eu\/impressum\/#breadcrumb","itemListElement":[{"@type":"ListItem","position":1,"name":"Startseite","item":"https:\/\/alpencupmx.eu\/"},{"@type":"ListItem","position":2,"name":"Impressum"}]},{"@type":"WebSite","@id":"https:\/\/alpencupmx.eu\/#website","url":"https:\/\/alpencupmx.eu\/","name":"Alpencup Motocross","description":"Event Serie","potentialAction":[{"@type":"SearchAction","target":{"@type":"EntryPoint","urlTemplate":"https:\/\/alpencupmx.eu\/?s={search_term_string}"},"query-input":{"@type":"PropertyValueSpecification","valueRequired":true,"valueName":"search_term_string"}}],"inLanguage":"it-IT"}]}},"_links":{"self":[{"href":"https:\/\/alpencupmx.eu\/it_it\/wp-json\/wp\/v2\/pages\/6158","targetHints":{"allow":["GET"]}}],"collection":[{"href":"https:\/\/alpencupmx.eu\/it_it\/wp-json\/wp\/v2\/pages"}],"about":[{"href":"https:\/\/alpencupmx.eu\/it_it\/wp-json\/wp\/v2\/types\/page"}],"author":[{"embeddable":true,"href":"https:\/\/alpencupmx.eu\/it_it\/wp-json\/wp\/v2\/users\/1"}],"replies":[{"embeddable":true,"href":"https:\/\/alpencupmx.eu\/it_it\/wp-json\/wp\/v2\/comments?post=6158"}],"version-history":[{"count":13,"href":"https:\/\/alpencupmx.eu\/it_it\/wp-json\/wp\/v2\/pages\/6158\/revisions"}],"predecessor-version":[{"id":12853,"href":"https:\/\/alpencupmx.eu\/it_it\/wp-json\/wp\/v2\/pages\/6158\/revisions\/12853"}],"wp:attachment":[{"href":"https:\/\/alpencupmx.eu\/it_it\/wp-json\/wp\/v2\/media?parent=6158"}],"curies":[{"name":"wp","href":"https:\/\/api.w.org\/{rel}","templated":true}]}}