{"id":13283,"date":"2025-04-24T12:35:36","date_gmt":"2025-04-24T12:35:36","guid":{"rendered":"https:\/\/alpencupmx.eu\/?page_id=13283"},"modified":"2025-06-09T13:31:32","modified_gmt":"2025-06-09T13:31:32","slug":"anmeldung-moeggers-sonntag","status":"publish","type":"page","link":"https:\/\/alpencupmx.eu\/it_it\/moeggers-2025\/anmeldung-moeggers-sonntag\/","title":{"rendered":"Anmeldung M\u00f6ggers &#8211; Sonntag"},"content":{"rendered":"<div id=\"fws_69d662641ea15\"  data-column-margin=\"default\" data-midnight=\"dark\"  class=\"wpb_row vc_row-fluid vc_row\"  style=\"padding-top: 0px; padding-bottom: 0px; \"><div class=\"row-bg-wrap\" data-bg-animation=\"none\" data-bg-animation-delay=\"\" data-bg-overlay=\"false\"><div class=\"inner-wrap row-bg-layer\" ><div class=\"row-bg viewport-desktop\"  style=\"\"><\/div><\/div><\/div><div class=\"row_col_wrap_12 col span_12 dark left\">\n\t<div  class=\"vc_col-sm-12 wpb_column column_container vc_column_container col no-extra-padding inherit_tablet inherit_phone\"  data-padding-pos=\"all\" data-has-bg-color=\"false\" data-bg-color=\"\" data-bg-opacity=\"1\" data-animation=\"\" data-delay=\"0\" >\n\t\t<div class=\"vc_column-inner\" >\n\t\t\t<div class=\"wpb_wrapper\">\n\t\t\t\t\n<div class=\"wpb_text_column wpb_content_element\" >\n\t<h2><strong>Anmeldung M\u00f6ggers &#8211; SONNTAG &#8211; 29.06.2025 &#8211; <span style=\"color: #008000;\">OFFEN<\/span><\/strong><\/h2>\n<p><strong>CHIUSURA INGRESSO<\/strong><br \/>\n<strong>22. Juni 2025 \u2013 18:00<\/strong><br \/>\n<em>Nachnennung ab 24. \u2013 26. Juni 18:00\u00a0 m\u00f6glich <a href=\"https:\/\/alpencupmx.eu\/it_it\/preise\/\" target=\"_blank\" rel=\"noopener\">a pagamento<\/a><\/em><\/p>\n<p>\u26a0\ufe0f <strong>ATTENZIONE PILOTI SENZA NUMERO DI PARTENZA ALPENCUP<\/strong>\u00a0\u26a0\ufe0f<br \/>\nL'iscrizione \u00e8 possibile solo con un numero di partenza prenotato.<br \/>\nSe non hai ancora un numero, procuratene uno prima di registrarti<br \/>\n<a href=\"https:\/\/alpencupmx.eu\/it_it\/shop\/\">Numero nel nostro negozio<\/a><\/p>\n<p>&nbsp;<\/p>\n<div id=\"divRRRegStart\" class=\"RRRegStart\"><\/div>\r\n\t<script type=\"text\/javascript\" src=\"https:\/\/my.raceresult.com\/RRRegStart\/load.js.php?lang=de\"><\/script>\r\n\t<script type=\"text\/javascript\">\r\n\t<!--\r\n\t  var rrp=new RRRegStart(document.getElementById(\"divRRRegStart\"), 345614);\r\n\t  rrp.ShowInfoText=false;\r\n\t-->\r\n\t<\/script>\n<\/div>\n\n\n\n\n\t\t\t<\/div> \n\t\t<\/div>\n\t<\/div> \n<\/div><\/div>\n\t\t<div id=\"fws_69d6626421eb0\"  data-column-margin=\"default\" data-midnight=\"dark\" data-top-percent=\"3%\" data-bottom-percent=\"3%\"  class=\"wpb_row vc_row-fluid vc_row full-width-section has-row-bg-color\"  style=\"padding-top: calc(100vw * 0.03); padding-bottom: calc(100vw * 0.03); --row-bg-color: #ffffff;\"><div class=\"row-bg-wrap\" data-bg-animation=\"none\" data-bg-animation-delay=\"\" data-bg-overlay=\"false\"><div class=\"inner-wrap row-bg-layer\" ><div class=\"row-bg viewport-desktop using-bg-color\"  style=\"background-color: #ffffff; \"><\/div><\/div><\/div><div class=\"row_col_wrap_12 col span_12 dark left\">\n\t<div  class=\"vc_col-sm-1 wpb_column column_container vc_column_container col no-extra-padding inherit_tablet inherit_phone\"  data-padding-pos=\"all\" data-has-bg-color=\"false\" data-bg-color=\"\" data-bg-opacity=\"1\" data-animation=\"\" data-delay=\"0\" >\n\t\t<div class=\"vc_column-inner\" >\n\t\t\t<div class=\"wpb_wrapper\">\n\t\t\t\t\n\t\t\t<\/div> \n\t\t<\/div>\n\t<\/div> \n\n\t<div  class=\"vc_col-sm-10 wpb_column column_container vc_column_container col no-extra-padding inherit_tablet inherit_phone\"  data-padding-pos=\"all\" data-has-bg-color=\"false\" data-bg-color=\"\" data-bg-opacity=\"1\" data-animation=\"\" data-delay=\"0\" >\n\t\t<div class=\"vc_column-inner\" >\n\t\t\t<div class=\"wpb_wrapper\">\n\t\t\t\t\n<div class=\"wpb_text_column wpb_content_element\" >\n\t<p style=\"text-align: center;\"><strong><span style=\"font-size: 18pt;\">Partner locali M\u00f6ggers<\/span><\/strong><\/p>\n<\/div>\n\n\n\n<div class=\"divider-wrap\" data-alignment=\"default\"><div style=\"height: 25px;\" class=\"divider\"><\/div><\/div>\t\n\t\t\n\t<div class=\"clients no-carousel four-cols fade-in-animation\" data-he=\"greyscale_to_color\" data-additional_padding=\"3\">\n\t\t\t<div><a href=\"https:\/\/www.dirt-alert.de\/\" target=\"_blank\">\n\t\t<img loading=\"lazy\" decoding=\"async\" src=\"https:\/\/alpencupmx.eu\/wp-content\/uploads\/2025\/03\/Dirt-Alert-Logo.jpg\" alt=\"Dirt Alert Partner Logo Local - Alpencup MX\" width=\"548\" height=\"130\" \/>\t<\/a><\/div>\n\t<div><a href=\"https:\/\/www.ferlu-shop.com\/\" target=\"_blank\">\n\t\t<img loading=\"lazy\" decoding=\"async\" src=\"https:\/\/alpencupmx.eu\/wp-content\/uploads\/2025\/03\/ferlu_giallo.png\" alt=\"FER.LU Racing Equipment - Partner Logo Alpencup\" width=\"500\" height=\"118\" \/>\t<\/a><\/div>\n\t<div><a href=\"https:\/\/mbmotors.at\/de\" target=\"_blank\">\n\t\t<img loading=\"lazy\" decoding=\"async\" src=\"https:\/\/alpencupmx.eu\/wp-content\/uploads\/2025\/03\/Logo-MB-Motors-klein-3.png\" alt=\"Alpencup M\u00f6ggers - MB Motors Local Sponsor\" width=\"923\" height=\"973\" \/>\t<\/a><\/div>\n\t<\/div>\n\t\n<div class=\"divider-wrap\" data-alignment=\"default\"><div style=\"height: 85px;\" class=\"divider\"><\/div><\/div>\n<div class=\"wpb_text_column wpb_content_element\" >\n\t<p style=\"text-align: center;\"><strong><span style=\"font-size: 18pt;\">Sponsor Alpencup Stagione 2025<\/span><\/strong><\/p>\n<\/div>\n\n\n\n<div class=\"divider-wrap\" data-alignment=\"default\"><div style=\"height: 45px;\" class=\"divider\"><\/div><\/div>\t\n\t\t\n\t<div class=\"clients no-carousel three-cols fade-in-animation\" data-he=\"greyscale_to_color\" data-additional_padding=\"none\">\n\t\t\t<div><a href=\"http:\/\/shop-waldmann.de\" target=\"_blank\">\n\t\t<img loading=\"lazy\" decoding=\"async\" src=\"https:\/\/alpencupmx.eu\/wp-content\/uploads\/2023\/09\/waldmann-web-logo.png\" alt=\"Sponsor Logo - Motorrad Waldmann\" width=\"2000\" height=\"442\" \/>\t<\/a><\/div>\n\t<div><a href=\"https:\/\/foxhead.com\" target=\"_blank\">\n\t\t<img loading=\"lazy\" decoding=\"async\" src=\"https:\/\/alpencupmx.eu\/wp-content\/uploads\/2023\/09\/fox-racing-logo-web-2023.png\" alt=\"Sponsor Logo - Fox Moto\" width=\"2000\" height=\"442\" \/>\t<\/a><\/div>\n\t<\/div>\n\t\n\t\n\t\t\n\t<div class=\"clients no-carousel four-cols fade-in-animation\" data-he=\"greyscale_to_color\" data-additional_padding=\"3\">\n\t\t\t<div><a href=\"https:\/\/www.champion-oel.de\/\" target=\"_blank\">\n\t\t<img loading=\"lazy\" decoding=\"async\" src=\"https:\/\/alpencupmx.eu\/wp-content\/uploads\/2024\/05\/Champion_logo-lubricants-2019.png\" alt=\"Sponsor Logo - Champion Lubricants\" width=\"1212\" height=\"318\" \/>\t<\/a><\/div>\n\t<div><a href=\"https:\/\/weber-werke.de\/weber-werkeholics-tankmatten\" target=\"_blank\">\n\t\t<img loading=\"lazy\" decoding=\"async\" src=\"https:\/\/alpencupmx.eu\/wp-content\/uploads\/2024\/06\/weber-werke-logo.png\" alt=\"Weber Werke Sponsor Logo\" width=\"343\" height=\"67\" \/>\t<\/a><\/div>\n\t<div><a href=\"https:\/\/www.x-grip.at\/\" target=\"_blank\">\n\t\t<img loading=\"lazy\" decoding=\"async\" src=\"https:\/\/alpencupmx.eu\/wp-content\/uploads\/2024\/05\/X-GRIP-Logo-1-black.png\" alt=\"client\" width=\"296\" height=\"59\" \/>\t<\/a><\/div>\n\t<\/div>\n\t\n\n\t\t\t<\/div> \n\t\t<\/div>\n\t<\/div> \n\n\t<div  class=\"vc_col-sm-1 wpb_column column_container vc_column_container col no-extra-padding inherit_tablet inherit_phone\"  data-padding-pos=\"all\" data-has-bg-color=\"false\" data-bg-color=\"\" data-bg-opacity=\"1\" data-animation=\"\" data-delay=\"0\" >\n\t\t<div class=\"vc_column-inner\" >\n\t\t\t<div class=\"wpb_wrapper\">\n\t\t\t\t\n\t\t\t<\/div> \n\t\t<\/div>\n\t<\/div> \n<\/div><\/div>","protected":false},"excerpt":{"rendered":"Anmeldung M\u00f6ggers - SONNTAG - 29.06.2025 - OFFEN NENNSCHLUSS 22. Juni 2025 \u2013 18:00 Nachnennung ab 24. \u2013 26. Juni 18:00\u00a0 m\u00f6glich mit Geb\u00fchr \u26a0\ufe0f ACHTUNG FAHRER OHNE ALPENCUP START-NUMMER\u00a0\u26a0\ufe0f...","protected":false},"author":6,"featured_media":10356,"parent":11112,"menu_order":5,"comment_status":"closed","ping_status":"closed","template":"","meta":{"footnotes":""},"class_list":["post-13283","page","type-page","status-publish","has-post-thumbnail"],"yoast_head":"<!-- This site is optimized with the Yoast SEO plugin v27.3 - https:\/\/yoast.com\/product\/yoast-seo-wordpress\/ -->\n<title>Anmeldung M\u00f6ggers - Sonntag - Alpencup Motocross<\/title>\n<meta name=\"description\" content=\"Anmeldeseite f\u00fcr den Alpencup Motocross 2025 in M\u00f6ggers - \u00d6sterreich. Melde dich hier f\u00fcr unser 4. Rennen der Saison am Sonntag an...\" \/>\n<meta name=\"robots\" content=\"index, follow, max-snippet:-1, max-image-preview:large, max-video-preview:-1\" \/>\n<link rel=\"canonical\" href=\"https:\/\/alpencupmx.eu\/it_it\/moeggers-2025\/anmeldung-moeggers-sonntag\/\" \/>\n<meta property=\"og:locale\" content=\"it_IT\" \/>\n<meta property=\"og:type\" content=\"article\" \/>\n<meta property=\"og:title\" content=\"Anmeldung M\u00f6ggers - Sonntag - Alpencup Motocross\" \/>\n<meta property=\"og:description\" content=\"Anmeldeseite f\u00fcr den Alpencup Motocross 2025 in M\u00f6ggers - \u00d6sterreich. Melde dich hier f\u00fcr unser 4. Rennen der Saison am Sonntag an...\" \/>\n<meta property=\"og:url\" content=\"https:\/\/alpencupmx.eu\/it_it\/moeggers-2025\/anmeldung-moeggers-sonntag\/\" \/>\n<meta property=\"og:site_name\" content=\"Alpencup Motocross\" \/>\n<meta property=\"article:modified_time\" content=\"2025-06-09T13:31:32+00:00\" \/>\n<meta property=\"og:image\" content=\"https:\/\/alpencupmx.eu\/wp-content\/uploads\/2024\/09\/2024_JULY_GER_Alpencup_Hohenlinden_Sonntag_5S_-5281-1024x683.jpg\" \/>\n\t<meta property=\"og:image:width\" content=\"1024\" \/>\n\t<meta property=\"og:image:height\" content=\"683\" \/>\n\t<meta property=\"og:image:type\" content=\"image\/jpeg\" \/>\n<meta name=\"twitter:card\" content=\"summary_large_image\" \/>\n<meta name=\"twitter:label1\" content=\"Tempo di lettura stimato\" \/>\n\t<meta name=\"twitter:data1\" content=\"3 minuti\" \/>\n<script type=\"application\/ld+json\" class=\"yoast-schema-graph\">{\"@context\":\"https:\\\/\\\/schema.org\",\"@graph\":[{\"@type\":\"WebPage\",\"@id\":\"https:\\\/\\\/alpencupmx.eu\\\/moeggers-2025\\\/anmeldung-moeggers-sonntag\\\/\",\"url\":\"https:\\\/\\\/alpencupmx.eu\\\/moeggers-2025\\\/anmeldung-moeggers-sonntag\\\/\",\"name\":\"Anmeldung M\u00f6ggers - Sonntag - Alpencup Motocross\",\"isPartOf\":{\"@id\":\"https:\\\/\\\/alpencupmx.eu\\\/#website\"},\"primaryImageOfPage\":{\"@id\":\"https:\\\/\\\/alpencupmx.eu\\\/moeggers-2025\\\/anmeldung-moeggers-sonntag\\\/#primaryimage\"},\"image\":{\"@id\":\"https:\\\/\\\/alpencupmx.eu\\\/moeggers-2025\\\/anmeldung-moeggers-sonntag\\\/#primaryimage\"},\"thumbnailUrl\":\"https:\\\/\\\/alpencupmx.eu\\\/wp-content\\\/uploads\\\/2024\\\/09\\\/2024_JULY_GER_Alpencup_Hohenlinden_Sonntag_5S_-5281.jpg\",\"datePublished\":\"2025-04-24T12:35:36+00:00\",\"dateModified\":\"2025-06-09T13:31:32+00:00\",\"description\":\"Anmeldeseite f\u00fcr den Alpencup Motocross 2025 in M\u00f6ggers - \u00d6sterreich. Melde dich hier f\u00fcr unser 4. Rennen der Saison am Sonntag an...\",\"breadcrumb\":{\"@id\":\"https:\\\/\\\/alpencupmx.eu\\\/moeggers-2025\\\/anmeldung-moeggers-sonntag\\\/#breadcrumb\"},\"inLanguage\":\"it-IT\",\"potentialAction\":[{\"@type\":\"ReadAction\",\"target\":[\"https:\\\/\\\/alpencupmx.eu\\\/moeggers-2025\\\/anmeldung-moeggers-sonntag\\\/\"]}]},{\"@type\":\"ImageObject\",\"inLanguage\":\"it-IT\",\"@id\":\"https:\\\/\\\/alpencupmx.eu\\\/moeggers-2025\\\/anmeldung-moeggers-sonntag\\\/#primaryimage\",\"url\":\"https:\\\/\\\/alpencupmx.eu\\\/wp-content\\\/uploads\\\/2024\\\/09\\\/2024_JULY_GER_Alpencup_Hohenlinden_Sonntag_5S_-5281.jpg\",\"contentUrl\":\"https:\\\/\\\/alpencupmx.eu\\\/wp-content\\\/uploads\\\/2024\\\/09\\\/2024_JULY_GER_Alpencup_Hohenlinden_Sonntag_5S_-5281.jpg\",\"width\":2500,\"height\":1667,\"caption\":\"Alpencup M\u00f6ggers 2024 - Sonntag - Bild 24\"},{\"@type\":\"BreadcrumbList\",\"@id\":\"https:\\\/\\\/alpencupmx.eu\\\/moeggers-2025\\\/anmeldung-moeggers-sonntag\\\/#breadcrumb\",\"itemListElement\":[{\"@type\":\"ListItem\",\"position\":1,\"name\":\"Startseite\",\"item\":\"https:\\\/\\\/alpencupmx.eu\\\/\"},{\"@type\":\"ListItem\",\"position\":2,\"name\":\"M\u00f6ggers\",\"item\":\"https:\\\/\\\/alpencupmx.eu\\\/moeggers-2025\\\/\"},{\"@type\":\"ListItem\",\"position\":3,\"name\":\"Anmeldung M\u00f6ggers &#8211; Sonntag\"}]},{\"@type\":\"WebSite\",\"@id\":\"https:\\\/\\\/alpencupmx.eu\\\/#website\",\"url\":\"https:\\\/\\\/alpencupmx.eu\\\/\",\"name\":\"Alpencup Motocross\",\"description\":\"Event Serie\",\"potentialAction\":[{\"@type\":\"SearchAction\",\"target\":{\"@type\":\"EntryPoint\",\"urlTemplate\":\"https:\\\/\\\/alpencupmx.eu\\\/?s={search_term_string}\"},\"query-input\":{\"@type\":\"PropertyValueSpecification\",\"valueRequired\":true,\"valueName\":\"search_term_string\"}}],\"inLanguage\":\"it-IT\"}]}<\/script>\n<!-- \/ Yoast SEO plugin. -->","yoast_head_json":{"title":"Anmeldung M\u00f6ggers - Sonntag - Alpencup Motocross","description":"Anmeldeseite f\u00fcr den Alpencup Motocross 2025 in M\u00f6ggers - \u00d6sterreich. Melde dich hier f\u00fcr unser 4. Rennen der Saison am Sonntag an...","robots":{"index":"index","follow":"follow","max-snippet":"max-snippet:-1","max-image-preview":"max-image-preview:large","max-video-preview":"max-video-preview:-1"},"canonical":"https:\/\/alpencupmx.eu\/it_it\/moeggers-2025\/anmeldung-moeggers-sonntag\/","og_locale":"it_IT","og_type":"article","og_title":"Anmeldung M\u00f6ggers - Sonntag - Alpencup Motocross","og_description":"Anmeldeseite f\u00fcr den Alpencup Motocross 2025 in M\u00f6ggers - \u00d6sterreich. Melde dich hier f\u00fcr unser 4. Rennen der Saison am Sonntag an...","og_url":"https:\/\/alpencupmx.eu\/it_it\/moeggers-2025\/anmeldung-moeggers-sonntag\/","og_site_name":"Alpencup Motocross","article_modified_time":"2025-06-09T13:31:32+00:00","og_image":[{"width":1024,"height":683,"url":"https:\/\/alpencupmx.eu\/wp-content\/uploads\/2024\/09\/2024_JULY_GER_Alpencup_Hohenlinden_Sonntag_5S_-5281-1024x683.jpg","type":"image\/jpeg"}],"twitter_card":"summary_large_image","twitter_misc":{"Tempo di lettura stimato":"3 minuti"},"schema":{"@context":"https:\/\/schema.org","@graph":[{"@type":"WebPage","@id":"https:\/\/alpencupmx.eu\/moeggers-2025\/anmeldung-moeggers-sonntag\/","url":"https:\/\/alpencupmx.eu\/moeggers-2025\/anmeldung-moeggers-sonntag\/","name":"Anmeldung M\u00f6ggers - Sonntag - Alpencup Motocross","isPartOf":{"@id":"https:\/\/alpencupmx.eu\/#website"},"primaryImageOfPage":{"@id":"https:\/\/alpencupmx.eu\/moeggers-2025\/anmeldung-moeggers-sonntag\/#primaryimage"},"image":{"@id":"https:\/\/alpencupmx.eu\/moeggers-2025\/anmeldung-moeggers-sonntag\/#primaryimage"},"thumbnailUrl":"https:\/\/alpencupmx.eu\/wp-content\/uploads\/2024\/09\/2024_JULY_GER_Alpencup_Hohenlinden_Sonntag_5S_-5281.jpg","datePublished":"2025-04-24T12:35:36+00:00","dateModified":"2025-06-09T13:31:32+00:00","description":"Anmeldeseite f\u00fcr den Alpencup Motocross 2025 in M\u00f6ggers - \u00d6sterreich. Melde dich hier f\u00fcr unser 4. Rennen der Saison am Sonntag an...","breadcrumb":{"@id":"https:\/\/alpencupmx.eu\/moeggers-2025\/anmeldung-moeggers-sonntag\/#breadcrumb"},"inLanguage":"it-IT","potentialAction":[{"@type":"ReadAction","target":["https:\/\/alpencupmx.eu\/moeggers-2025\/anmeldung-moeggers-sonntag\/"]}]},{"@type":"ImageObject","inLanguage":"it-IT","@id":"https:\/\/alpencupmx.eu\/moeggers-2025\/anmeldung-moeggers-sonntag\/#primaryimage","url":"https:\/\/alpencupmx.eu\/wp-content\/uploads\/2024\/09\/2024_JULY_GER_Alpencup_Hohenlinden_Sonntag_5S_-5281.jpg","contentUrl":"https:\/\/alpencupmx.eu\/wp-content\/uploads\/2024\/09\/2024_JULY_GER_Alpencup_Hohenlinden_Sonntag_5S_-5281.jpg","width":2500,"height":1667,"caption":"Alpencup M\u00f6ggers 2024 - Sonntag - Bild 24"},{"@type":"BreadcrumbList","@id":"https:\/\/alpencupmx.eu\/moeggers-2025\/anmeldung-moeggers-sonntag\/#breadcrumb","itemListElement":[{"@type":"ListItem","position":1,"name":"Startseite","item":"https:\/\/alpencupmx.eu\/"},{"@type":"ListItem","position":2,"name":"M\u00f6ggers","item":"https:\/\/alpencupmx.eu\/moeggers-2025\/"},{"@type":"ListItem","position":3,"name":"Anmeldung M\u00f6ggers &#8211; Sonntag"}]},{"@type":"WebSite","@id":"https:\/\/alpencupmx.eu\/#website","url":"https:\/\/alpencupmx.eu\/","name":"Alpencup Motocross","description":"Event Serie","potentialAction":[{"@type":"SearchAction","target":{"@type":"EntryPoint","urlTemplate":"https:\/\/alpencupmx.eu\/?s={search_term_string}"},"query-input":{"@type":"PropertyValueSpecification","valueRequired":true,"valueName":"search_term_string"}}],"inLanguage":"it-IT"}]}},"_links":{"self":[{"href":"https:\/\/alpencupmx.eu\/it_it\/wp-json\/wp\/v2\/pages\/13283","targetHints":{"allow":["GET"]}}],"collection":[{"href":"https:\/\/alpencupmx.eu\/it_it\/wp-json\/wp\/v2\/pages"}],"about":[{"href":"https:\/\/alpencupmx.eu\/it_it\/wp-json\/wp\/v2\/types\/page"}],"author":[{"embeddable":true,"href":"https:\/\/alpencupmx.eu\/it_it\/wp-json\/wp\/v2\/users\/6"}],"replies":[{"embeddable":true,"href":"https:\/\/alpencupmx.eu\/it_it\/wp-json\/wp\/v2\/comments?post=13283"}],"version-history":[{"count":3,"href":"https:\/\/alpencupmx.eu\/it_it\/wp-json\/wp\/v2\/pages\/13283\/revisions"}],"predecessor-version":[{"id":13834,"href":"https:\/\/alpencupmx.eu\/it_it\/wp-json\/wp\/v2\/pages\/13283\/revisions\/13834"}],"up":[{"embeddable":true,"href":"https:\/\/alpencupmx.eu\/it_it\/wp-json\/wp\/v2\/pages\/11112"}],"wp:featuredmedia":[{"embeddable":true,"href":"https:\/\/alpencupmx.eu\/it_it\/wp-json\/wp\/v2\/media\/10356"}],"wp:attachment":[{"href":"https:\/\/alpencupmx.eu\/it_it\/wp-json\/wp\/v2\/media?parent=13283"}],"curies":[{"name":"wp","href":"https:\/\/api.w.org\/{rel}","templated":true}]}}