{"id":10148,"date":"2024-08-21T07:22:14","date_gmt":"2024-08-21T07:22:14","guid":{"rendered":"https:\/\/alpencupmx.eu\/?page_id=10148"},"modified":"2024-08-26T10:53:33","modified_gmt":"2024-08-26T10:53:33","slug":"anmeldung-moeggers","status":"publish","type":"page","link":"https:\/\/alpencupmx.eu\/it_it\/anmeldung-moeggers\/","title":{"rendered":"Anmeldung M\u00f6ggers"},"content":{"rendered":"<h2><strong>Anmeldung f\u00fcr das Rennen im M\u00f6ggers 31. Aug. \u2013 01. Sept. 2024<\/strong><\/h2>\n<p><strong>La registrazione chiude al pi\u00f9 tardi<\/strong><br \/>\n25 agosto 2024 \u2013 18:00<\/p>\n<p><strong><span style=\"color: #ff0000;\">Nachnennung m\u00f6glich ab 27. Aug. 18.00 &#8211; 29. Aug. 18.00 (<em><a href=\"https:\/\/alpencupmx.eu\/it_it\/preise\/\" target=\"_blank\" rel=\"noopener\">a pagamento<\/a><\/em>)<\/span><br \/>\n<\/strong>Jeder mit eigenem Transponder kann in jeder Klasse starten!<br \/>\nDie Nachnenngeb\u00fchr wird f\u00fcr <strong>JEDEN<\/strong> f\u00e4llig, der \u00fcber die Nachnennung kommt, da dies f\u00fcr uns<br \/>\nein erh\u00f6hter Verwaltungsaufwand in der Eventvorbereitung ist. Danke f\u00fcr euer Verst\u00e4ndnis!<br \/>\nWahrscheinlich wieder nur begrenzte Kapazit\u00e4t an Leihtransponder.<br \/>\nWir teilen die Leihtransponder in der Reihenfolge der Anmeldung f\u00fcr Fahrer mit Nummer ohne eigenen Transponder zu. Also schnell anmelden&#8230;..<\/p>\n<p>\u26a0\ufe0f <strong>ATTENZIONE PILOTI SENZA NUMERO DI PARTENZA ALPENCUP<\/strong>\u00a0\u26a0\ufe0f<br \/>\nDie ersten Rennen waren komplett ausgebucht.<br \/>\nWir haben uns deshalb entschieden, nur noch Fahrer mit reservierter Nummer starten zu lassen, um den Ansturm zumindest etwas einzubremsen. Dies ist seit Kundl die Regel.<br \/>\n<em><strong>Weitere Details in diversen News.<\/strong><\/em><\/p>\n<p><span style=\"text-decoration: underline;\"><strong>HEISST:<\/strong><\/span> NUR <strong>Rechtzeitiges<\/strong> anmelden in Verbindung mit dem Erwerb<br \/>\neiner Startnummer sichert Deine Teilnahme!<br \/>\nErst Nummer kaufen. Dann anmelden, damit ihr auch eine Nummer eintragen k\u00f6nnt.<br \/>\n(Wer keine Transpondernummer hat: Kein Transponder oder Unbekannt eintragen)<\/p>\n<p><span style=\"text-decoration: underline;\">Non \u00e8 possibile utilizzare il transponder di un amico.<br \/>\n<\/span>Non \u00e8 possibile utilizzare il transponder di un amico.<br \/>\nChi utilizzer\u00e0 il transponder di un amico che non ha acquistato personalmente<br \/>\nmuss leider Disqualifiziert werden. Es bringt bei uns die Zeitnahme komplett durcheiander<br \/>\ne l'acquisto\/cessione \u00e8 sempre personale e intrasferibile.<br \/>\nGleich wie bei einer Monatskarte f\u00fcr die Bahn \ud83d\ude09<\/p>\n<div id=\"divRRRegStart\" class=\"RRRegStart\"><\/div>\r\n\t<script type=\"text\/javascript\" src=\"https:\/\/my.raceresult.com\/RRRegStart\/load.js.php?lang=de\"><\/script>\r\n\t<script type=\"text\/javascript\">\r\n\t<!--\r\n\t  var rrp=new RRRegStart(document.getElementById(\"divRRRegStart\"), 301493);\r\n\t  rrp.ShowInfoText=false;\r\n\t-->\r\n\t<\/script>","protected":false},"excerpt":{"rendered":"<p>Anmeldung f\u00fcr das Rennen im M\u00f6ggers 31. Aug. \u2013 01. Sept. 2024 Anmeldung schliesst sp\u00e4testens am 25. August 2024 \u2013 18:00 Uhr Nachnennung m\u00f6glich ab 27. Aug. 18.00 &#8211; 29&#8230;.<\/p>","protected":false},"author":1,"featured_media":0,"parent":0,"menu_order":58,"comment_status":"closed","ping_status":"closed","template":"","meta":{"footnotes":""},"class_list":["post-10148","page","type-page","status-publish"],"yoast_head":"<!-- This site is optimized with the Yoast SEO plugin v27.4 - https:\/\/yoast.com\/product\/yoast-seo-wordpress\/ -->\n<title>Anmeldung M\u00f6ggers - Alpencup Motocross<\/title>\n<meta name=\"description\" content=\"Anmeldeseite f\u00fcr den Alpencup Motocross 2024 in M\u00f6ggers - \u00d6sterreich. Melde dich hier f\u00fcr unser 6. Rennen der Saison an...\" \/>\n<meta name=\"robots\" content=\"index, follow, max-snippet:-1, max-image-preview:large, max-video-preview:-1\" \/>\n<link rel=\"canonical\" href=\"https:\/\/alpencupmx.eu\/it_it\/anmeldung-moeggers\/\" \/>\n<meta property=\"og:locale\" content=\"it_IT\" \/>\n<meta property=\"og:type\" content=\"article\" \/>\n<meta property=\"og:title\" content=\"Anmeldung M\u00f6ggers - Alpencup Motocross\" \/>\n<meta property=\"og:description\" content=\"Anmeldeseite f\u00fcr den Alpencup Motocross 2024 in M\u00f6ggers - \u00d6sterreich. Melde dich hier f\u00fcr unser 6. Rennen der Saison an...\" \/>\n<meta property=\"og:url\" content=\"https:\/\/alpencupmx.eu\/it_it\/anmeldung-moeggers\/\" \/>\n<meta property=\"og:site_name\" content=\"Alpencup Motocross\" \/>\n<meta property=\"article:modified_time\" content=\"2024-08-26T10:53:33+00:00\" \/>\n<meta name=\"twitter:card\" content=\"summary_large_image\" \/>\n<meta name=\"twitter:label1\" content=\"Tempo di lettura stimato\" \/>\n\t<meta name=\"twitter:data1\" content=\"2 minuti\" \/>\n<script type=\"application\/ld+json\" class=\"yoast-schema-graph\">{\"@context\":\"https:\\\/\\\/schema.org\",\"@graph\":[{\"@type\":\"WebPage\",\"@id\":\"https:\\\/\\\/alpencupmx.eu\\\/anmeldung-moeggers\\\/\",\"url\":\"https:\\\/\\\/alpencupmx.eu\\\/anmeldung-moeggers\\\/\",\"name\":\"Anmeldung M\u00f6ggers - Alpencup Motocross\",\"isPartOf\":{\"@id\":\"https:\\\/\\\/alpencupmx.eu\\\/#website\"},\"datePublished\":\"2024-08-21T07:22:14+00:00\",\"dateModified\":\"2024-08-26T10:53:33+00:00\",\"description\":\"Anmeldeseite f\u00fcr den Alpencup Motocross 2024 in M\u00f6ggers - \u00d6sterreich. Melde dich hier f\u00fcr unser 6. Rennen der Saison an...\",\"breadcrumb\":{\"@id\":\"https:\\\/\\\/alpencupmx.eu\\\/anmeldung-moeggers\\\/#breadcrumb\"},\"inLanguage\":\"it-IT\",\"potentialAction\":[{\"@type\":\"ReadAction\",\"target\":[\"https:\\\/\\\/alpencupmx.eu\\\/anmeldung-moeggers\\\/\"]}]},{\"@type\":\"BreadcrumbList\",\"@id\":\"https:\\\/\\\/alpencupmx.eu\\\/anmeldung-moeggers\\\/#breadcrumb\",\"itemListElement\":[{\"@type\":\"ListItem\",\"position\":1,\"name\":\"Startseite\",\"item\":\"https:\\\/\\\/alpencupmx.eu\\\/\"},{\"@type\":\"ListItem\",\"position\":2,\"name\":\"Anmeldung M\u00f6ggers\"}]},{\"@type\":\"WebSite\",\"@id\":\"https:\\\/\\\/alpencupmx.eu\\\/#website\",\"url\":\"https:\\\/\\\/alpencupmx.eu\\\/\",\"name\":\"Alpencup Motocross\",\"description\":\"Event Serie\",\"potentialAction\":[{\"@type\":\"SearchAction\",\"target\":{\"@type\":\"EntryPoint\",\"urlTemplate\":\"https:\\\/\\\/alpencupmx.eu\\\/?s={search_term_string}\"},\"query-input\":{\"@type\":\"PropertyValueSpecification\",\"valueRequired\":true,\"valueName\":\"search_term_string\"}}],\"inLanguage\":\"it-IT\"}]}<\/script>\n<!-- \/ Yoast SEO plugin. -->","yoast_head_json":{"title":"Anmeldung M\u00f6ggers - Alpencup Motocross","description":"Anmeldeseite f\u00fcr den Alpencup Motocross 2024 in M\u00f6ggers - \u00d6sterreich. Melde dich hier f\u00fcr unser 6. Rennen der Saison an...","robots":{"index":"index","follow":"follow","max-snippet":"max-snippet:-1","max-image-preview":"max-image-preview:large","max-video-preview":"max-video-preview:-1"},"canonical":"https:\/\/alpencupmx.eu\/it_it\/anmeldung-moeggers\/","og_locale":"it_IT","og_type":"article","og_title":"Anmeldung M\u00f6ggers - Alpencup Motocross","og_description":"Anmeldeseite f\u00fcr den Alpencup Motocross 2024 in M\u00f6ggers - \u00d6sterreich. Melde dich hier f\u00fcr unser 6. Rennen der Saison an...","og_url":"https:\/\/alpencupmx.eu\/it_it\/anmeldung-moeggers\/","og_site_name":"Alpencup Motocross","article_modified_time":"2024-08-26T10:53:33+00:00","twitter_card":"summary_large_image","twitter_misc":{"Tempo di lettura stimato":"2 minuti"},"schema":{"@context":"https:\/\/schema.org","@graph":[{"@type":"WebPage","@id":"https:\/\/alpencupmx.eu\/anmeldung-moeggers\/","url":"https:\/\/alpencupmx.eu\/anmeldung-moeggers\/","name":"Anmeldung M\u00f6ggers - Alpencup Motocross","isPartOf":{"@id":"https:\/\/alpencupmx.eu\/#website"},"datePublished":"2024-08-21T07:22:14+00:00","dateModified":"2024-08-26T10:53:33+00:00","description":"Anmeldeseite f\u00fcr den Alpencup Motocross 2024 in M\u00f6ggers - \u00d6sterreich. Melde dich hier f\u00fcr unser 6. Rennen der Saison an...","breadcrumb":{"@id":"https:\/\/alpencupmx.eu\/anmeldung-moeggers\/#breadcrumb"},"inLanguage":"it-IT","potentialAction":[{"@type":"ReadAction","target":["https:\/\/alpencupmx.eu\/anmeldung-moeggers\/"]}]},{"@type":"BreadcrumbList","@id":"https:\/\/alpencupmx.eu\/anmeldung-moeggers\/#breadcrumb","itemListElement":[{"@type":"ListItem","position":1,"name":"Startseite","item":"https:\/\/alpencupmx.eu\/"},{"@type":"ListItem","position":2,"name":"Anmeldung M\u00f6ggers"}]},{"@type":"WebSite","@id":"https:\/\/alpencupmx.eu\/#website","url":"https:\/\/alpencupmx.eu\/","name":"Alpencup Motocross","description":"Event Serie","potentialAction":[{"@type":"SearchAction","target":{"@type":"EntryPoint","urlTemplate":"https:\/\/alpencupmx.eu\/?s={search_term_string}"},"query-input":{"@type":"PropertyValueSpecification","valueRequired":true,"valueName":"search_term_string"}}],"inLanguage":"it-IT"}]}},"_links":{"self":[{"href":"https:\/\/alpencupmx.eu\/it_it\/wp-json\/wp\/v2\/pages\/10148","targetHints":{"allow":["GET"]}}],"collection":[{"href":"https:\/\/alpencupmx.eu\/it_it\/wp-json\/wp\/v2\/pages"}],"about":[{"href":"https:\/\/alpencupmx.eu\/it_it\/wp-json\/wp\/v2\/types\/page"}],"author":[{"embeddable":true,"href":"https:\/\/alpencupmx.eu\/it_it\/wp-json\/wp\/v2\/users\/1"}],"replies":[{"embeddable":true,"href":"https:\/\/alpencupmx.eu\/it_it\/wp-json\/wp\/v2\/comments?post=10148"}],"version-history":[{"count":2,"href":"https:\/\/alpencupmx.eu\/it_it\/wp-json\/wp\/v2\/pages\/10148\/revisions"}],"predecessor-version":[{"id":10232,"href":"https:\/\/alpencupmx.eu\/it_it\/wp-json\/wp\/v2\/pages\/10148\/revisions\/10232"}],"wp:attachment":[{"href":"https:\/\/alpencupmx.eu\/it_it\/wp-json\/wp\/v2\/media?parent=10148"}],"curies":[{"name":"wp","href":"https:\/\/api.w.org\/{rel}","templated":true}]}}